{"id":860,"date":"2019-04-14T12:29:02","date_gmt":"2019-04-14T10:29:02","guid":{"rendered":"http:\/\/www.asv-weisenheim-am-sand.de\/?page_id=860"},"modified":"2022-05-27T22:57:45","modified_gmt":"2022-05-27T20:57:45","slug":"boule-3","status":"publish","type":"page","link":"http:\/\/www.asv-weisenheim-am-sand.de\/?page_id=860","title":{"rendered":"Fu\u00dfball-Billard buchen"},"content":{"rendered":"\r\n      <div id=\"zhcal-root\" data-id=\"e230fbbd3306d4fdd04f9f185634ed1d\" data-lang=\"de\"><\/div>\r\n      <script type=\"text\/javascript\" src=\"https:\/\/app.calendarapp.de\/loadcal.php\"><\/script>\r\n    \n<p><strong><span style=\"color: #ff0000;\">Achtung:<\/span><\/strong><br \/>\nWir haben 2 Fu\u00dfball-Billard-Pl\u00e4tze. Solange die einzelnen Balken im Kalender nicht vollst\u00e4ndig rot gef\u00e4rbt sind, haben wir noch freie Pl\u00e4tze!<\/p>\n<p><strong>Zus\u00e4tzliche Informationen:<\/strong><br \/>\n<em>\u2192 Wir sind nur ASV-Mitglieder:<\/em> Bitte tragt mind. 2 Mitgliedsnummern inkl. Namen in das Kommentarfeld bei der Buchung ein.<br \/>\n<em>\u2192 Wir sind keine Mitglieder:<\/em> &#8211;<br \/>\n<em>\u2192 Wir sind eine gemischte Gruppe:<\/em> Bitte tragt mind. 1 Mitgliedsnr. inkl. Namen in das Kommentarfeld bei der Buchung ein. Tragt au\u00dferdem ein, welche Anzahl an Nichtmitgliedern mitspielen m\u00f6chten.<\/p>\n","protected":false},"excerpt":{"rendered":"<p>Achtung: Wir haben 2 Fu\u00dfball-Billard-Pl\u00e4tze. Solange die einzelnen Balken im Kalender nicht vollst\u00e4ndig rot gef\u00e4rbt sind, haben wir noch freie Pl\u00e4tze! Zus\u00e4tzliche Informationen: \u2192 Wir sind nur ASV-Mitglieder: Bitte tragt&#8230;<\/p>\n<div class=\"royalwp-readmore-wrap\"><a href=\"http:\/\/www.asv-weisenheim-am-sand.de\/?page_id=860\" class=\"royalwp-readmore\">Weiterlesen <i class=\"far fa-hand-point-right\"><\/i><\/a><\/div>\n","protected":false},"author":1,"featured_media":0,"parent":844,"menu_order":0,"comment_status":"closed","ping_status":"closed","template":"","meta":{"_EventAllDay":false,"_EventTimezone":"","_EventStartDate":"","_EventEndDate":"","_EventStartDateUTC":"","_EventEndDateUTC":"","_EventShowMap":false,"_EventShowMapLink":false,"_EventURL":"","_EventCost":"","_EventCostDescription":"","_EventCurrencySymbol":"","_EventCurrencyCode":"","_EventCurrencyPosition":"","_EventDateTimeSeparator":"","_EventTimeRangeSeparator":"","_EventOrganizerID":[],"_EventVenueID":[],"_OrganizerEmail":"","_OrganizerPhone":"","_OrganizerWebsite":"","_VenueAddress":"","_VenueCity":"","_VenueCountry":"","_VenueProvince":"","_VenueState":"","_VenueZip":"","_VenuePhone":"","_VenueURL":"","_VenueStateProvince":"","_VenueLat":"","_VenueLng":"","_VenueShowMap":false,"_VenueShowMapLink":false,"footnotes":""},"class_list":["post-860","page","type-page","status-publish","hentry"],"_links":{"self":[{"href":"http:\/\/www.asv-weisenheim-am-sand.de\/index.php?rest_route=\/wp\/v2\/pages\/860","targetHints":{"allow":["GET"]}}],"collection":[{"href":"http:\/\/www.asv-weisenheim-am-sand.de\/index.php?rest_route=\/wp\/v2\/pages"}],"about":[{"href":"http:\/\/www.asv-weisenheim-am-sand.de\/index.php?rest_route=\/wp\/v2\/types\/page"}],"author":[{"embeddable":true,"href":"http:\/\/www.asv-weisenheim-am-sand.de\/index.php?rest_route=\/wp\/v2\/users\/1"}],"replies":[{"embeddable":true,"href":"http:\/\/www.asv-weisenheim-am-sand.de\/index.php?rest_route=%2Fwp%2Fv2%2Fcomments&post=860"}],"version-history":[{"count":10,"href":"http:\/\/www.asv-weisenheim-am-sand.de\/index.php?rest_route=\/wp\/v2\/pages\/860\/revisions"}],"predecessor-version":[{"id":22409,"href":"http:\/\/www.asv-weisenheim-am-sand.de\/index.php?rest_route=\/wp\/v2\/pages\/860\/revisions\/22409"}],"up":[{"embeddable":true,"href":"http:\/\/www.asv-weisenheim-am-sand.de\/index.php?rest_route=\/wp\/v2\/pages\/844"}],"wp:attachment":[{"href":"http:\/\/www.asv-weisenheim-am-sand.de\/index.php?rest_route=%2Fwp%2Fv2%2Fmedia&parent=860"}],"curies":[{"name":"wp","href":"https:\/\/api.w.org\/{rel}","templated":true}]}}