{"id":904,"date":"2019-04-14T23:43:22","date_gmt":"2019-04-14T21:43:22","guid":{"rendered":"http:\/\/www.asv-weisenheim-am-sand.de\/?page_id=904"},"modified":"2025-11-09T15:05:07","modified_gmt":"2025-11-09T14:05:07","slug":"murmelspiel","status":"publish","type":"page","link":"http:\/\/www.asv-weisenheim-am-sand.de\/?page_id=904","title":{"rendered":"Murmelspiel"},"content":{"rendered":"\n<figure class=\"wp-block-table is-style-stripes\"><table><thead><tr><th>Trainingszeiten<\/th><th><\/th><th><\/th><\/tr><\/thead><tbody><tr><td>Freitag<\/td><td>18:00 &#8211; 21:00 Uhr<\/td><td>Winter: ASV Halle; Sommer: ASV Murmelplatz<\/td><\/tr><\/tbody><\/table><\/figure>\n\n\n\n<p><strong>Murmel, murmel, roll roll<\/strong><\/p>\n\n\n\n<p>Eine kleine Gruppe von Mitgliedern trifft sich zum regelm\u00e4\u00dfigen Murmelspiel auf unseren Bahnen.Die offiziellen Regeln f\u00fcr das Murmeln findet ihr auf der Seite des <a href=\"http:\/\/www.soedeler-klickerverein.de\/kuhlemurmeln.html\" target=\"_blank\" rel=\"noreferrer noopener\">S\u00f6deler Klickervereins<\/a>. Kaum zu glauben, aber es werden sogar Meisterschaften im Murmeln ausgetragen. Schaut doch mal vorbei und probiert etwas v\u00f6llig Neues aus!<\/p>\n\n\n\n<p>Wie bei unseren anderen Au\u00dfenpl\u00e4tzen k\u00f6nnen auch die Murmelbahnen von G\u00e4sten, bspw. f\u00fcr Trainingseinheiten oder Just for Fun, gebucht werden. Geht dazu auf <a href=\"http:\/\/www.asv-weisenheim-am-sand.de\/?page_id=855\" data-type=\"URL\" data-id=\"http:\/\/www.asv-weisenheim-am-sand.de\/?page_id=855\">Murmeln buchen<\/a>. Das Nutzungsentgelt findet ihr auf <a href=\"http:\/\/www.asv-weisenheim-am-sand.de\/?page_id=797\">Platzgeb\u00fchr<\/a>.<\/p>\n\n\n<div class=\"su-box su-box-style-default\" id=\"\" style=\"border-color:#970000;border-radius:3px;max-width:none\"><div class=\"su-box-title\" style=\"background-color:#ca2017;color:#FFFFFF;border-top-left-radius:1px;border-top-right-radius:1px\">Ansprechpartner<\/div><div class=\"su-box-content su-u-clearfix su-u-trim\" style=\"border-bottom-left-radius:1px;border-bottom-right-radius:1px\">Helmut M\u00fcller, Telefon: 063538624\u202c<\/div><\/div>\n","protected":false},"excerpt":{"rendered":"<p>Trainingszeiten Freitag 18:00 &#8211; 21:00 Uhr Winter: ASV Halle; Sommer: ASV Murmelplatz Murmel, murmel, roll roll Eine kleine Gruppe von Mitgliedern trifft sich zum regelm\u00e4\u00dfigen Murmelspiel auf unseren Bahnen.Die offiziellen&#8230;<\/p>\n<div class=\"royalwp-readmore-wrap\"><a href=\"http:\/\/www.asv-weisenheim-am-sand.de\/?page_id=904\" class=\"royalwp-readmore\">Weiterlesen <i class=\"far fa-hand-point-right\"><\/i><\/a><\/div>\n","protected":false},"author":2,"featured_media":1470,"parent":1351,"menu_order":0,"comment_status":"closed","ping_status":"closed","template":"","meta":{"_EventAllDay":false,"_EventTimezone":"","_EventStartDate":"","_EventEndDate":"","_EventStartDateUTC":"","_EventEndDateUTC":"","_EventShowMap":false,"_EventShowMapLink":false,"_EventURL":"","_EventCost":"","_EventCostDescription":"","_EventCurrencySymbol":"","_EventCurrencyCode":"","_EventCurrencyPosition":"","_EventDateTimeSeparator":"","_EventTimeRangeSeparator":"","_EventOrganizerID":[],"_EventVenueID":[],"_OrganizerEmail":"","_OrganizerPhone":"","_OrganizerWebsite":"","_VenueAddress":"","_VenueCity":"","_VenueCountry":"","_VenueProvince":"","_VenueState":"","_VenueZip":"","_VenuePhone":"","_VenueURL":"","_VenueStateProvince":"","_VenueLat":"","_VenueLng":"","_VenueShowMap":false,"_VenueShowMapLink":false,"footnotes":""},"class_list":["post-904","page","type-page","status-publish","has-post-thumbnail","hentry"],"_links":{"self":[{"href":"http:\/\/www.asv-weisenheim-am-sand.de\/index.php?rest_route=\/wp\/v2\/pages\/904","targetHints":{"allow":["GET"]}}],"collection":[{"href":"http:\/\/www.asv-weisenheim-am-sand.de\/index.php?rest_route=\/wp\/v2\/pages"}],"about":[{"href":"http:\/\/www.asv-weisenheim-am-sand.de\/index.php?rest_route=\/wp\/v2\/types\/page"}],"author":[{"embeddable":true,"href":"http:\/\/www.asv-weisenheim-am-sand.de\/index.php?rest_route=\/wp\/v2\/users\/2"}],"replies":[{"embeddable":true,"href":"http:\/\/www.asv-weisenheim-am-sand.de\/index.php?rest_route=%2Fwp%2Fv2%2Fcomments&post=904"}],"version-history":[{"count":16,"href":"http:\/\/www.asv-weisenheim-am-sand.de\/index.php?rest_route=\/wp\/v2\/pages\/904\/revisions"}],"predecessor-version":[{"id":23004,"href":"http:\/\/www.asv-weisenheim-am-sand.de\/index.php?rest_route=\/wp\/v2\/pages\/904\/revisions\/23004"}],"up":[{"embeddable":true,"href":"http:\/\/www.asv-weisenheim-am-sand.de\/index.php?rest_route=\/wp\/v2\/pages\/1351"}],"wp:featuredmedia":[{"embeddable":true,"href":"http:\/\/www.asv-weisenheim-am-sand.de\/index.php?rest_route=\/wp\/v2\/media\/1470"}],"wp:attachment":[{"href":"http:\/\/www.asv-weisenheim-am-sand.de\/index.php?rest_route=%2Fwp%2Fv2%2Fmedia&parent=904"}],"curies":[{"name":"wp","href":"https:\/\/api.w.org\/{rel}","templated":true}]}}